{"id":25758,"date":"2024-07-17T18:03:09","date_gmt":"2024-07-17T16:03:09","guid":{"rendered":"https:\/\/www.gitedello.fr\/grupos-y-seminarios\/"},"modified":"2024-11-19T10:25:11","modified_gmt":"2024-11-19T09:25:11","slug":"grupos-y-seminarios","status":"publish","type":"page","link":"https:\/\/www.gitedello.fr\/es\/grupos-y-seminarios\/","title":{"rendered":"Grupos y seminarios"},"content":{"rendered":"<div class=\"wpb-content-wrapper\"><p>[vc_row][vc_column][vc_cta h2=\u00bbNuestro eco-alojamiento de monta\u00f1a le da la bienvenida, \u00a1hasta 50 personas!\u00bb h4=\u00bbLe damos la bienvenida para sus seminarios de negocios, sus salidas con su club de senderismo, sus reuniones familiares o incluso para campamentos.\u00bb txt_align=\u00bbcenter\u00bb add_button=\u00bbbottom\u00bb btn_title=\u00bbCont\u00e1ctenos\u00bb btn_style=\u00bboutline-custom\u00bb btn_outline_custom_color=\u00bb#039788&#8243; btn_outline_custom_hover_background=\u00bb#009687&#8243; btn_outline_custom_hover_text=\u00bb#ffffff\u00bb btn_shape=\u00bbround\u00bb btn_align=\u00bbcenter\u00bb btn_i_icon_fontawesome=\u00bbfar fa-paper-plane\u00bb btn_css_animation=\u00bbbounceIn\u00bb add_icon=\u00bbtop\u00bb i_icon_fontawesome=\u00bbfar fa-paper-plane\u00bb i_color=\u00bbcustom\u00bb i_css_animation=\u00bbbounceIn\u00bb btn_add_icon=\u00bbtrue\u00bb i_on_border=\u00bbtrue\u00bb btn_link=\u00bburl:https%3A%2F%2Fwww.gitedello.fr%2Fes%2Facceso-contacto%2F|title:Contacto|\u00bb i_custom_color=\u00bb#039788&#8243; i_link=\u00bburl:https%3A%2F%2Fwww.gitedello.fr%2Fes%2Facceso-contacto%2F|title:Contacto|\u00bb]<span style=\"color: #000000;\">Podemos ofrecerte diferentes tipos de alojamiento :<\/span><\/p>\n<ul>\n<li style=\"text-align: left;\"><span style=\"color: #039788;\"><strong>Media pensi\u00f3n <\/strong><span style=\"color: #000000;\">para grupos de al menos 8 personas que incluye desayuno y cena (posibilidad de a\u00f1adir picnics para sus caminatas).<\/span><\/span><\/li>\n<li style=\"text-align: left;\"><span style=\"color: #039788;\"><strong>Gesti\u00f3n libre <\/strong><span style=\"color: #000000;\">con el alquiler de la cocina profesional y zonas comunes para tus actividades en grupo.<\/span><\/span><\/li>\n<li style=\"text-align: left;\"><span style=\"color: #039788;\"><span style=\"color: #000000;\">Tambi\u00e9n se puede poner a disposici\u00f3n <\/span><strong>una sala polivalente <\/strong><span style=\"color: #000000;\">para sus actividades de cohesi\u00f3n.<\/span><\/span><\/li>\n<\/ul>\n<p>Para m\u00e1s informaci\u00f3n :[\/vc_cta][\/vc_column][\/vc_row][vc_row][vc_column width=\u00bb1\/2&#8243;][vc_column_text css_animation=\u00bbnone\u00bb]<\/p>\n<h1 style=\"text-align: center;\"><strong><span style=\"color: #009688;\">Seminario de empresa<\/span><\/strong><\/h1>\n<p>[\/vc_column_text][\/vc_column][vc_column width=\u00bb1\/2&#8243;][vc_column_text css_animation=\u00bbnone\u00bb]<\/p>\n<h1 style=\"text-align: center;\"><strong><span style=\"color: #009688;\">Grupo de senderismo<\/span><\/strong><\/h1>\n<p>[\/vc_column_text][\/vc_column][\/vc_row][vc_row][vc_column width=\u00bb1\/2&#8243;][vc_column_text css_animation=\u00bbnone\u00bb]<\/p>\n<h1 style=\"text-align: center;\"><span style=\"color: #009688;\"><strong>Campamento de verano<\/strong><\/span><\/h1>\n<p>[\/vc_column_text][\/vc_column][vc_column width=\u00bb1\/2&#8243;][vc_column_text css_animation=\u00bbnone\u00bb]<\/p>\n<h1 style=\"text-align: center;\"><span style=\"color: #009688;\"><strong>Familia<br \/>\n<\/strong><\/span><\/h1>\n<p>[\/vc_column_text][\/vc_column][\/vc_row]<\/p>\n<\/div>","protected":false},"excerpt":{"rendered":"<p>[vc_row][vc_column][vc_cta h2=\u00bbNuestro eco-alojamiento de monta\u00f1a le da la bienvenida, \u00a1hasta 50 personas!\u00bb h4=\u00bbLe damos la bienvenida para sus seminarios de negocios, sus salidas con su club de senderismo, sus reuniones familiares o incluso para campamentos.\u00bb txt_align=\u00bbcenter\u00bb add_button=\u00bbbottom\u00bb btn_title=\u00bbCont\u00e1ctenos\u00bb btn_style=\u00bboutline-custom\u00bb btn_outline_custom_color=\u00bb#039788&#8243; btn_outline_custom_hover_background=\u00bb#009687&#8243; btn_outline_custom_hover_text=\u00bb#ffffff\u00bb btn_shape=\u00bbround\u00bb btn_align=\u00bbcenter\u00bb btn_i_icon_fontawesome=\u00bbfar fa-paper-plane\u00bb btn_css_animation=\u00bbbounceIn\u00bb add_icon=\u00bbtop\u00bb i_icon_fontawesome=\u00bbfar fa-paper-plane\u00bb i_color=\u00bbcustom\u00bb i_css_animation=\u00bbbounceIn\u00bb btn_add_icon=\u00bbtrue\u00bb i_on_border=\u00bbtrue\u00bb btn_link=\u00bburl:https%3A%2F%2Fwww.gitedello.fr%2Fes%2Facceso-contacto%2F|title:Contacto|\u00bb [&hellip;]<\/p>\n","protected":false},"author":2,"featured_media":12336,"parent":0,"menu_order":0,"comment_status":"closed","ping_status":"closed","template":"","meta":{"rs_blank_template":"","rs_page_bg_color":"","slide_template_v7":"","footnotes":""},"class_list":["post-25758","page","type-page","status-publish","has-post-thumbnail","hentry"],"yoast_head":"<!-- This site is optimized with the Yoast SEO plugin v27.4 - https:\/\/yoast.com\/product\/yoast-seo-wordpress\/ -->\n<title>Grupos y seminarios - G\u00eete de Llo<\/title>\n<meta name=\"description\" content=\"Eco-g\u00eete de Llo, le da la bienvenida en gran n\u00famero, \u00a1hasta 50 personas! Para seminarios, campamentos, asociaciones deportivas...\" \/>\n<meta name=\"robots\" content=\"index, follow, max-snippet:-1, max-image-preview:large, max-video-preview:-1\" \/>\n<link rel=\"canonical\" href=\"https:\/\/www.gitedello.fr\/es\/grupos-y-seminarios\/\" \/>\n<meta property=\"og:locale\" content=\"es_ES\" \/>\n<meta property=\"og:type\" content=\"article\" \/>\n<meta property=\"og:title\" content=\"Grupos y seminarios - G\u00eete de Llo\" \/>\n<meta property=\"og:description\" content=\"Eco-g\u00eete de Llo, le da la bienvenida en gran n\u00famero, \u00a1hasta 50 personas! Para seminarios, campamentos, asociaciones deportivas...\" \/>\n<meta property=\"og:url\" content=\"https:\/\/www.gitedello.fr\/es\/grupos-y-seminarios\/\" \/>\n<meta property=\"og:site_name\" content=\"G\u00eete de Llo\" \/>\n<meta property=\"article:modified_time\" content=\"2024-11-19T09:25:11+00:00\" \/>\n<meta property=\"og:image\" content=\"https:\/\/www.gitedello.fr\/wp-content\/uploads\/2019\/07\/IMG_2857-1024x768.jpg\" \/>\n\t<meta property=\"og:image:width\" content=\"1024\" \/>\n\t<meta property=\"og:image:height\" content=\"768\" \/>\n\t<meta property=\"og:image:type\" content=\"image\/jpeg\" \/>\n<meta name=\"twitter:card\" content=\"summary_large_image\" \/>\n<meta name=\"twitter:label1\" content=\"Tiempo de lectura\" \/>\n\t<meta name=\"twitter:data1\" content=\"1 minuto\" \/>\n<script type=\"application\/ld+json\" class=\"yoast-schema-graph\">{\"@context\":\"https:\\\/\\\/schema.org\",\"@graph\":[{\"@type\":\"WebPage\",\"@id\":\"https:\\\/\\\/www.gitedello.fr\\\/es\\\/grupos-y-seminarios\\\/\",\"url\":\"https:\\\/\\\/www.gitedello.fr\\\/es\\\/grupos-y-seminarios\\\/\",\"name\":\"Grupos y seminarios - G\u00eete de Llo\",\"isPartOf\":{\"@id\":\"https:\\\/\\\/www.gitedello.fr\\\/#website\"},\"primaryImageOfPage\":{\"@id\":\"https:\\\/\\\/www.gitedello.fr\\\/es\\\/grupos-y-seminarios\\\/#primaryimage\"},\"image\":{\"@id\":\"https:\\\/\\\/www.gitedello.fr\\\/es\\\/grupos-y-seminarios\\\/#primaryimage\"},\"thumbnailUrl\":\"https:\\\/\\\/www.gitedello.fr\\\/wp-content\\\/uploads\\\/2019\\\/07\\\/IMG_2857.jpg\",\"datePublished\":\"2024-07-17T16:03:09+00:00\",\"dateModified\":\"2024-11-19T09:25:11+00:00\",\"description\":\"Eco-g\u00eete de Llo, le da la bienvenida en gran n\u00famero, \u00a1hasta 50 personas! Para seminarios, campamentos, asociaciones deportivas...\",\"breadcrumb\":{\"@id\":\"https:\\\/\\\/www.gitedello.fr\\\/es\\\/grupos-y-seminarios\\\/#breadcrumb\"},\"inLanguage\":\"es\",\"potentialAction\":[{\"@type\":\"ReadAction\",\"target\":[\"https:\\\/\\\/www.gitedello.fr\\\/es\\\/grupos-y-seminarios\\\/\"]}]},{\"@type\":\"ImageObject\",\"inLanguage\":\"es\",\"@id\":\"https:\\\/\\\/www.gitedello.fr\\\/es\\\/grupos-y-seminarios\\\/#primaryimage\",\"url\":\"https:\\\/\\\/www.gitedello.fr\\\/wp-content\\\/uploads\\\/2019\\\/07\\\/IMG_2857.jpg\",\"contentUrl\":\"https:\\\/\\\/www.gitedello.fr\\\/wp-content\\\/uploads\\\/2019\\\/07\\\/IMG_2857.jpg\",\"width\":4320,\"height\":3240},{\"@type\":\"BreadcrumbList\",\"@id\":\"https:\\\/\\\/www.gitedello.fr\\\/es\\\/grupos-y-seminarios\\\/#breadcrumb\",\"itemListElement\":[{\"@type\":\"ListItem\",\"position\":1,\"name\":\"Accueil\",\"item\":\"https:\\\/\\\/www.gitedello.fr\\\/es\\\/home\\\/\"},{\"@type\":\"ListItem\",\"position\":2,\"name\":\"Grupos y seminarios\"}]},{\"@type\":\"WebSite\",\"@id\":\"https:\\\/\\\/www.gitedello.fr\\\/#website\",\"url\":\"https:\\\/\\\/www.gitedello.fr\\\/\",\"name\":\"G\u00eete de Llo\",\"description\":\"G\u00eetes de Montagne, d&#039;\u00e9tape et de s\u00e9jour\",\"potentialAction\":[{\"@type\":\"SearchAction\",\"target\":{\"@type\":\"EntryPoint\",\"urlTemplate\":\"https:\\\/\\\/www.gitedello.fr\\\/?s={search_term_string}\"},\"query-input\":{\"@type\":\"PropertyValueSpecification\",\"valueRequired\":true,\"valueName\":\"search_term_string\"}}],\"inLanguage\":\"es\"}]}<\/script>\n<!-- \/ Yoast SEO plugin. -->","yoast_head_json":{"title":"Grupos y seminarios - G\u00eete de Llo","description":"Eco-g\u00eete de Llo, le da la bienvenida en gran n\u00famero, \u00a1hasta 50 personas! Para seminarios, campamentos, asociaciones deportivas...","robots":{"index":"index","follow":"follow","max-snippet":"max-snippet:-1","max-image-preview":"max-image-preview:large","max-video-preview":"max-video-preview:-1"},"canonical":"https:\/\/www.gitedello.fr\/es\/grupos-y-seminarios\/","og_locale":"es_ES","og_type":"article","og_title":"Grupos y seminarios - G\u00eete de Llo","og_description":"Eco-g\u00eete de Llo, le da la bienvenida en gran n\u00famero, \u00a1hasta 50 personas! Para seminarios, campamentos, asociaciones deportivas...","og_url":"https:\/\/www.gitedello.fr\/es\/grupos-y-seminarios\/","og_site_name":"G\u00eete de Llo","article_modified_time":"2024-11-19T09:25:11+00:00","og_image":[{"width":1024,"height":768,"url":"https:\/\/www.gitedello.fr\/wp-content\/uploads\/2019\/07\/IMG_2857-1024x768.jpg","type":"image\/jpeg"}],"twitter_card":"summary_large_image","twitter_misc":{"Tiempo de lectura":"1 minuto"},"schema":{"@context":"https:\/\/schema.org","@graph":[{"@type":"WebPage","@id":"https:\/\/www.gitedello.fr\/es\/grupos-y-seminarios\/","url":"https:\/\/www.gitedello.fr\/es\/grupos-y-seminarios\/","name":"Grupos y seminarios - G\u00eete de Llo","isPartOf":{"@id":"https:\/\/www.gitedello.fr\/#website"},"primaryImageOfPage":{"@id":"https:\/\/www.gitedello.fr\/es\/grupos-y-seminarios\/#primaryimage"},"image":{"@id":"https:\/\/www.gitedello.fr\/es\/grupos-y-seminarios\/#primaryimage"},"thumbnailUrl":"https:\/\/www.gitedello.fr\/wp-content\/uploads\/2019\/07\/IMG_2857.jpg","datePublished":"2024-07-17T16:03:09+00:00","dateModified":"2024-11-19T09:25:11+00:00","description":"Eco-g\u00eete de Llo, le da la bienvenida en gran n\u00famero, \u00a1hasta 50 personas! Para seminarios, campamentos, asociaciones deportivas...","breadcrumb":{"@id":"https:\/\/www.gitedello.fr\/es\/grupos-y-seminarios\/#breadcrumb"},"inLanguage":"es","potentialAction":[{"@type":"ReadAction","target":["https:\/\/www.gitedello.fr\/es\/grupos-y-seminarios\/"]}]},{"@type":"ImageObject","inLanguage":"es","@id":"https:\/\/www.gitedello.fr\/es\/grupos-y-seminarios\/#primaryimage","url":"https:\/\/www.gitedello.fr\/wp-content\/uploads\/2019\/07\/IMG_2857.jpg","contentUrl":"https:\/\/www.gitedello.fr\/wp-content\/uploads\/2019\/07\/IMG_2857.jpg","width":4320,"height":3240},{"@type":"BreadcrumbList","@id":"https:\/\/www.gitedello.fr\/es\/grupos-y-seminarios\/#breadcrumb","itemListElement":[{"@type":"ListItem","position":1,"name":"Accueil","item":"https:\/\/www.gitedello.fr\/es\/home\/"},{"@type":"ListItem","position":2,"name":"Grupos y seminarios"}]},{"@type":"WebSite","@id":"https:\/\/www.gitedello.fr\/#website","url":"https:\/\/www.gitedello.fr\/","name":"G\u00eete de Llo","description":"G\u00eetes de Montagne, d&#039;\u00e9tape et de s\u00e9jour","potentialAction":[{"@type":"SearchAction","target":{"@type":"EntryPoint","urlTemplate":"https:\/\/www.gitedello.fr\/?s={search_term_string}"},"query-input":{"@type":"PropertyValueSpecification","valueRequired":true,"valueName":"search_term_string"}}],"inLanguage":"es"}]}},"_links":{"self":[{"href":"https:\/\/www.gitedello.fr\/es\/wp-json\/wp\/v2\/pages\/25758","targetHints":{"allow":["GET"]}}],"collection":[{"href":"https:\/\/www.gitedello.fr\/es\/wp-json\/wp\/v2\/pages"}],"about":[{"href":"https:\/\/www.gitedello.fr\/es\/wp-json\/wp\/v2\/types\/page"}],"author":[{"embeddable":true,"href":"https:\/\/www.gitedello.fr\/es\/wp-json\/wp\/v2\/users\/2"}],"replies":[{"embeddable":true,"href":"https:\/\/www.gitedello.fr\/es\/wp-json\/wp\/v2\/comments?post=25758"}],"version-history":[{"count":6,"href":"https:\/\/www.gitedello.fr\/es\/wp-json\/wp\/v2\/pages\/25758\/revisions"}],"predecessor-version":[{"id":26799,"href":"https:\/\/www.gitedello.fr\/es\/wp-json\/wp\/v2\/pages\/25758\/revisions\/26799"}],"wp:featuredmedia":[{"embeddable":true,"href":"https:\/\/www.gitedello.fr\/es\/wp-json\/wp\/v2\/media\/12336"}],"wp:attachment":[{"href":"https:\/\/www.gitedello.fr\/es\/wp-json\/wp\/v2\/media?parent=25758"}],"curies":[{"name":"wp","href":"https:\/\/api.w.org\/{rel}","templated":true}]}}