{"id":11772,"date":"2018-05-31T10:26:36","date_gmt":"2018-05-31T08:26:36","guid":{"rendered":"https:\/\/www.gitedello.fr\/?page_id=11772"},"modified":"2025-09-26T15:35:58","modified_gmt":"2025-09-26T13:35:58","slug":"notas-legales","status":"publish","type":"page","link":"https:\/\/www.gitedello.fr\/es\/notas-legales\/","title":{"rendered":"Notas l\u00e9gales"},"content":{"rendered":"<h2>Informaci\u00f3n legales<\/h2>\n<p><span style=\"color: #000000;\"><span lang=\"es-ES\"><b>1. Presentaci\u00f3n del sitio<\/b>.<\/span><\/span><\/p>\n<p><span style=\"color: #000000;\"><span lang=\"es-ES\">De conformidad con el Art\u00edculo 6 de la Ley N \u00b0 2004-575 del 21 de junio de 2004 sobre la confianza en la econom\u00eda digital, los usuarios del sitio <a href=\"http:\/\/www.gitedello.fr\/\">www.gitedello.fr<\/a> son informados de la identidad de las diversas partes involucradas en el contexto de su realizaci\u00f3n y su seguimiento:<\/span><\/span><\/p>\n<p><strong>Dueno<\/strong> : G\u00eete de Llo, Voie communale Carretera d&#8217;Eina 66800 LLO<br \/>\n<strong>Creador<\/strong> : <a href=\"https:\/\/www.humansconnexion.com\">Human&#8217;s Connexion<\/a><br \/>\n<strong>Gerante de publicaciones<\/strong> : Astrid Planchais \u2013 contact@gitedello.fr<\/p>\n<p>El gerente de publicaci\u00f3n es una persona f\u00edsica o juridicidad.<\/p>\n<p><strong>Webmaster<\/strong> : human&#8217;s Connexion \u2013 prod@humansconnexion.com<br \/>\n<strong>Servido web<\/strong> : Digd\u00e9o \u2013 105 Chemin de Ronde, 78290 Croissy<br \/>\nCr\u00e9dito :<br \/>\n<a href=\"http:\/\/www.freepik.com\" target=\"_blank\" rel=\"noopener noreferrer\">Pictogrammes et textures designed by Freepik<\/a><br \/>\nEl modelo de avisos legales es ofrecido por Subdelirium.com\u00a0<a href=\"https:\/\/www.subdelirium.com\/generateur-de-mentions-legales\/\" target=\"_blank\" rel=\"noopener noreferrer\">Notas legales<\/a><\/p>\n<p><a name=\"tw-target\"><\/a><\/p>\n<h3>2. Condiciones generales de uso del sitio y los servicios ofrecidos.<\/h3>\n<p><span lang=\"es-ES\">El uso del sitio<\/span>\u00a0<a href=\"http:\/\/www.gitedello.fr\/\">www.gitedello.fr.es<\/a><span lang=\"es-ES\"> implica la plena aceptaci\u00f3n de las condiciones generales de uso que se describen a continuaci\u00f3n. Estas condiciones de uso pueden modificarse o complementarse en cualquier momento, por lo tanto, los usuarios del sitio<\/span> <a href=\"http:\/\/www.gitedello.fr\/\">www.gitedello.fr.es<\/a> <span lang=\"es-ES\">est\u00e1n invitados a consultarlas regularmente.<\/span><\/p>\n<p><span lang=\"es-ES\">Este sitio es normalmente accesible para los usuarios en todo momento. Sin embargo, G\u00eete de Llo puede decidir una interrupci\u00f3n debido al mantenimiento t\u00e9cnico, que luego se esforzar\u00e1 por comunicarse con los usuarios antes de las fechas y horas de la intervenci\u00f3n.<\/span><\/p>\n<p>El sitio <a href=\"http:\/\/www.gitedello.fr\/\">www.gitedello.fr.es<\/a> <span lang=\"es-ES\">es actualizado regularmente por Giraud Julien. Del mismo modo, los avisos legales pueden modificarse en cualquier momento: sin embargo, se imponen al usuario que est\u00e1 invitado a consultarlos con la mayor frecuencia posible para leerlos.<\/span> <span lang=\"es-ES\"><br \/>\n<\/span><\/p>\n<h3>3.Descripci\u00f3n de los servicios prestados.<\/h3>\n<p>El proposito de sitio <a href=\"http:\/\/www.gitedello.fr\/\">www.gitedello.fr.es <\/a>es proporcionar informaci\u00f3n sobre todas las actividades de la compa\u00f1\u00eda.<\/p>\n<p>G\u00eete de Llo se esfuerza por proporcionar la informaci\u00f3n m\u00e1s precisa posible en el sitio\u00a0<a href=\"http:\/\/www.gitedello.fr\/\">www.gitedello.fr.es .<\/a><\/p>\n<p>Sin embargo, no se hace responsable de las omisiones, imprecaciones y deficiencias en la actualizaci\u00f3n, ya sea por su propia culpa o de los terceros socios que le proporcionan esta informaci\u00f3n.<\/p>\n<p>Toda la informaci\u00f3n indicada en el sitio\u00a0<a href=\"http:\/\/www.gitedello.fr\/\">www.gitedello.fr.es <\/a>se proporciona como una indicaci\u00f3n y es probable que evolucione. Adem\u00e1s, la informaci\u00f3n en el sitio <a href=\"http:\/\/www.gitedello.fr\/\">www.gitedello.fr.es. <\/a>Est\u00e1n sujetos a modificaciones que se han realizado desde que se pusieron en l\u00ednea.<\/p>\n<h3>4. Limitaciones contractuales en datos t\u00e9cnicos.<\/h3>\n<p><span lang=\"es-ES\">El sitio usa tecnolog\u00eda JavaScript.<\/span><\/p>\n<p><span lang=\"es-ES\">El sitio web no se hace responsable de los da\u00f1os materiales relacionados con el uso del sitio. Adem\u00e1s, el usuario del sitio acepta acceder al sitio utilizando equipos recientes, que no contengan virus y con un navegador actualizado de \u00faltima generaci\u00f3n.<\/span><\/p>\n<h3>5. Propiedad intelectual y falsificaciones.<\/h3>\n<p><span lang=\"es-ES\">G\u00eete de Llo es el propietario de los derechos de propiedad intelectual o posee los derechos de uso de todos los elementos accesibles en el sitio, en particular los textos, im\u00e1genes, gr\u00e1ficos, logotipos, iconos, sonidos, software.<\/span><\/p>\n<p><span lang=\"es-ES\"><br \/>\n<\/span> <span lang=\"es-ES\">Cualquier reproducci\u00f3n, representaci\u00f3n, modificaci\u00f3n, publicaci\u00f3n, adaptaci\u00f3n de la totalidad o parte de los elementos del sitio, cualesquiera que sean los medios o procesos utilizados, est\u00e1 prohibida sin el permiso previo por escrito de: G\u00eete de Llo.<\/span><\/p>\n<p><span lang=\"es-ES\"><br \/>\n<\/span> <span lang=\"es-ES\">Cualquier explotaci\u00f3n no autorizada del sitio o de cualquiera de los elementos que contiene se considerar\u00e1 una infracci\u00f3n y se procesar\u00e1 de conformidad con las disposiciones de los art\u00edculos L.335-2 y siguientes del C\u00f3digo de Propiedad Intelectual.<\/span><\/p>\n<h3>6. Limitaciones de responsabilidad.<\/h3>\n<p><span lang=\"es-ES\">G\u00eete de Llo no se hace responsable de los da\u00f1os directos e indirectos causados \u200b\u200bal equipo del usuario al acceder al sitio <a href=\"http:\/\/www.gitedello.fr\/\">www.gitedello.fr.es<\/a>., y como resultado del uso de un equipo que no cumple con las especificaciones indicado en el punto 4, ya sea la aparici\u00f3n de un error o una incompatibilidad.<\/span><\/p>\n<p>G\u00eete de Llo tampoco puede ser considerado responsable de da\u00f1os indirectos (como p\u00e9rdida de mercado o p\u00e9rdida de oportunidades) como resultado del uso del sitio <a href=\"http:\/\/www.gitedello.fr\/\">www.gitedello.fr.es<\/a>.<\/p>\n<p><span lang=\"es-ES\">Los espacios interactivos (posibilidad de hacer preguntas en el espacio de contacto) est\u00e1n disponibles para los usuarios. G\u00eete de Llo se reserva el derecho de eliminar, sin previo aviso, cualquier contenido publicado en este espacio que viole la ley aplicable en Francia, en particular las disposiciones relativas a la protecci\u00f3n de datos. Si es necesario, G\u00eete de Llo tambi\u00e9n se reserva el derecho de impugnar la responsabilidad civil y \/ o penal del usuario, en particular en el caso de un mensaje racista, abusivo, difamatorio o pornogr\u00e1fico, cualquiera que sea el medio utilizado. (texto, fotograf\u00eda &#8230;).<\/span><\/p>\n<h3>7. Gesti\u00f3n de datos personales.<\/h3>\n<p><span lang=\"es-ES\">En Francia, los datos personales est\u00e1n especialmente protegidos por la ley n \u00b0 78-87 del 6 de enero de 1978, la ley n \u00b0 2004-801 del 6 de agosto de 2004, el art\u00edculo L. 226-13 del C\u00f3digo Penal y la Directiva Europea de 24 de octubre de 1995.<\/span><\/p>\n<p>Con motivo del uso del sitio <a href=\"http:\/\/www.gitedello.fr\/\">www.gitedello.fr.es <\/a>se puede recopilar: la URL de los enlaces a trav\u00e9s de los cuales el usuario ha accedido al sitio <a href=\"http:\/\/www.gitedello.fr\/\">www.gitedello.fr.es<\/a>, el proveedor de acceso del usuario, la direcci\u00f3n de Protocolo de Internet (IP) del usuario.<\/p>\n<p>En cualquier caso, G\u00eete de Llo solo recopila informaci\u00f3n personal sobre el usuario para la necesidad de ciertos servicios ofrecidos por el sitio <a href=\"http:\/\/www.gitedello.fr\/\">www.gitedello.fr.es<\/a>. El usuario proporciona esta informaci\u00f3n con pleno conocimiento de los hechos, en particular cuando la ingresa \u00e9l mismo. Entonces queda claro para el usuario del sitio <a href=\"http:\/\/www.gitedello.fr\/\">www.gitedello.fr.es<\/a> la obligaci\u00f3n o no de proporcionar esta informaci\u00f3n.<\/p>\n<p>De conformidad con las disposiciones de los art\u00edculos 38 y siguientes de la ley 78-17 del 6 de enero de 1978 sobre el procesamiento de datos, los archivos y las libertades, cualquier usuario tiene derecho de acceso, rectificaci\u00f3n y oposici\u00f3n a los datos personales. concerniente a \u00e9l, al hacer su solicitud escrita y firmada, acompa\u00f1ada de una copia del documento de identidad con la firma del titular del documento, especificando la direcci\u00f3n a la que debe enviarse la respuesta.<\/p>\n<p>Ninguna informaci\u00f3n personal del usuario del sitio <a href=\"http:\/\/www.gitedello.fr\/\">www.gitedello.fr.es<\/a> se publica sin el conocimiento del usuario, intercambiada, transferida, asignada o vendida en ning\u00fan medio a terceros.<\/p>\n<p><span lang=\"es\">Solo el supuesto de la recompra de G\u00eete de Llo y sus derechos permitir\u00eda la transmisi\u00f3n de dicha informaci\u00f3n al posible comprador, que a su vez estar\u00eda sujeto a la misma obligaci\u00f3n de conservaci\u00f3n y modificaci\u00f3n de los datos con respecto al usuario del sitio <a href=\"http:\/\/www.gitedello.fr\/\">www.gitedello.fr.es<\/a>. <\/span><\/p>\n<p><span lang=\"es\">El sitio no se declara a la CNIL porque no recopila informaci\u00f3n personal.\u00a0<\/span><\/p>\n<p><span lang=\"es\">Las bases de datos est\u00e1n protegidas por las disposiciones de la ley del 1 de julio de 1998 que transponen la Directiva 96\/9 del 11 de marzo de 1996 sobre la protecci\u00f3n legal de las bases de datos.<\/span><\/p>\n<h3>8. Enlaces de hipertexto y cookies.<\/h3>\n<div class=\"QmZWSe\">\n<div class=\"DHcWmd\"><span lang=\"es\">El sitio <a href=\"http:\/\/www.gitedello.fr\/\">www.gitedello.fr.es<\/a> contiene varios enlaces de hipertexto a otros sitios, creados con la autorizaci\u00f3n de G\u00eete de Llo. Sin embargo, G\u00eete de Llo no tiene la posibilidad de verificar el contenido de los sitios as\u00ed visitados y, por lo tanto, no asumir\u00e1 ninguna responsabilidad por este hecho.<\/span><\/div>\n<div><\/div>\n<div class=\"DHcWmd\"><span lang=\"es\">La navegaci\u00f3n en el sitio <a href=\"http:\/\/www.gitedello.fr\/\">www.gitedello.fr.es<\/a>\u00a0 puede causar la instalaci\u00f3n de cookies en la computadora del usuario. Una cookie es un archivo peque\u00f1o, que no permite la identificaci\u00f3n del usuario, pero que registra informaci\u00f3n relacionada con la navegaci\u00f3n de una computadora en un sitio. Los datos as\u00ed obtenidos est\u00e1n destinados a facilitar la navegaci\u00f3n posterior en el sitio, y tambi\u00e9n est\u00e1n destinados a permitir diversas medidas de asistencia.<\/span><\/div>\n<div><\/div>\n<div class=\"DHcWmd\"><span lang=\"es\">Negarse a instalar una cookie puede hacer que sea imposible acceder a ciertos servicios. Sin embargo, el usuario puede configurar su computadora de la siguiente manera, para rechazar la instalaci\u00f3n de cookies.<\/span><\/div>\n<div><\/div>\n<div class=\"DHcWmd\"><span lang=\"es\">En Internet Explorer: pesta\u00f1a de herramientas (pictograma en forma de diente en la parte superior derecha) \/ opciones de internet. Haga clic en Confidencialidad y elija Bloquear todas las cookies. Validar en Ok.<\/span><\/div>\n<div><\/div>\n<div class=\"DHcWmd\"><span lang=\"es\">En Firefox: en la parte superior de la ventana del navegador, haga clic en el bot\u00f3n Firefox, luego vaya a la pesta\u00f1a Opciones. Haga clic en la pesta\u00f1a Privacidad.<\/span><\/div>\n<div><\/div>\n<div class=\"DHcWmd\"><span lang=\"es\">Configure las reglas de almacenamiento en: use par\u00e1metros personalizados para el historial. Finalmente desact\u00edvela para desactivar las cookies.<\/span><\/div>\n<div><\/div>\n<div class=\"DHcWmd\"><span lang=\"es\">En Safari: haga clic en la esquina superior derecha del navegador en el pictograma del men\u00fa (simbolizado por un engranaje). Selecciona Configuraci\u00f3n. Haga clic en Mostrar configuraci\u00f3n avanzada. En la secci\u00f3n \u00abConfidencialidad\u00bb, haga clic en Configuraci\u00f3n de contenido. En la secci\u00f3n \u00abCookies\u00bb, puede bloquear las cookies.<\/span><\/div>\n<div><\/div>\n<div class=\"DHcWmd\"><span lang=\"es\">En Chrome: haga clic en la esquina superior derecha del navegador en el pictograma del men\u00fa (simbolizado por tres l\u00edneas horizontales). Selecciona Configuraci\u00f3n. Haga clic en Mostrar configuraci\u00f3n avanzada. En la secci\u00f3n \u00abConfidencialidad\u00bb, haga clic en preferencias. En la pesta\u00f1a \u00abConfidencialidad\u00bb, puede bloquear las cookies.<\/span><\/div>\n<\/div>\n<h3>9. <span lang=\"es\">Ley aplicable y atribuci\u00f3n de jurisdicci\u00f3n.<\/span><\/h3>\n<p><span lang=\"es\">Cualquier disputa relacionada con el uso del sitio <a href=\"http:\/\/www.gitedello.fr\/\">www.gitedello.fr.es<\/a> est\u00e1 sujeta a la ley francesa. La jurisdicci\u00f3n exclusiva se otorga a los tribunales competentes de Par\u00eds.<\/span><\/p>\n<h3>10. <span lang=\"es\">Las principales leyes en cuesti\u00f3n.<\/span><\/h3>\n<p><span lang=\"es\">Ley n \u00b0 78-17 del 6 de enero de 1978, modificada notablemente por la ley n \u00b0 2004-801 del 6 de agosto de 2004 relativa al procesamiento de datos, archivos y libertades.<\/span><\/p>\n<p><span lang=\"es\">Ley n \u00b0 2004-575 del 21 de junio de 2004 para la confianza en la econom\u00eda digital.<\/span><\/p>\n<h3>11. <span lang=\"es\">Glosario. <\/span><\/h3>\n<p><span lang=\"es\">Usuario: usuario de Internet que se conecta, utilizando el sitio mencionado anteriormente.<\/span><\/p>\n<p><span lang=\"es\">Informaci\u00f3n personal: \u00abinformaci\u00f3n que permite, en cualquier forma, directa o indirectamente, la identificaci\u00f3n de las personas f\u00edsicas a quienes se aplican\u00bb (art\u00edculo 4 de la ley n \u00b0 78-17 del 6 de enero de 1978).<\/span><\/p>\n","protected":false},"excerpt":{"rendered":"<p>Informaci\u00f3n legales 1. Presentaci\u00f3n del sitio. De conformidad con el Art\u00edculo 6 de la Ley N \u00b0 2004-575 del 21 de junio de 2004 sobre la confianza en la econom\u00eda digital, los usuarios del sitio www.gitedello.fr son informados de la identidad de las diversas partes involucradas en el contexto de su realizaci\u00f3n y su seguimiento: [&hellip;]<\/p>\n","protected":false},"author":1,"featured_media":0,"parent":0,"menu_order":0,"comment_status":"closed","ping_status":"closed","template":"","meta":{"rs_blank_template":"","rs_page_bg_color":"","slide_template_v7":"","footnotes":""},"class_list":["post-11772","page","type-page","status-publish","hentry"],"yoast_head":"<!-- This site is optimized with the Yoast SEO plugin v27.5 - https:\/\/yoast.com\/product\/yoast-seo-wordpress\/ -->\n<title>Notas l\u00e9gales - G\u00eete de Llo<\/title>\n<meta name=\"robots\" content=\"index, follow, max-snippet:-1, max-image-preview:large, max-video-preview:-1\" \/>\n<link rel=\"canonical\" href=\"https:\/\/www.gitedello.fr\/es\/notas-legales\/\" \/>\n<meta property=\"og:locale\" content=\"es_ES\" \/>\n<meta property=\"og:type\" content=\"article\" \/>\n<meta property=\"og:title\" content=\"Notas l\u00e9gales - G\u00eete de Llo\" \/>\n<meta property=\"og:description\" content=\"Informaci\u00f3n legales 1. Presentaci\u00f3n del sitio. De conformidad con el Art\u00edculo 6 de la Ley N \u00b0 2004-575 del 21 de junio de 2004 sobre la confianza en la econom\u00eda digital, los usuarios del sitio www.gitedello.fr son informados de la identidad de las diversas partes involucradas en el contexto de su realizaci\u00f3n y su seguimiento: [&hellip;]\" \/>\n<meta property=\"og:url\" content=\"https:\/\/www.gitedello.fr\/es\/notas-legales\/\" \/>\n<meta property=\"og:site_name\" content=\"G\u00eete de Llo\" \/>\n<meta property=\"article:modified_time\" content=\"2025-09-26T13:35:58+00:00\" \/>\n<meta name=\"twitter:card\" content=\"summary_large_image\" \/>\n<meta name=\"twitter:label1\" content=\"Tiempo de lectura\" \/>\n\t<meta name=\"twitter:data1\" content=\"8 minutos\" \/>\n<script type=\"application\/ld+json\" class=\"yoast-schema-graph\">{\"@context\":\"https:\\\/\\\/schema.org\",\"@graph\":[{\"@type\":\"WebPage\",\"@id\":\"https:\\\/\\\/www.gitedello.fr\\\/es\\\/notas-legales\\\/\",\"url\":\"https:\\\/\\\/www.gitedello.fr\\\/es\\\/notas-legales\\\/\",\"name\":\"Notas l\u00e9gales - G\u00eete de Llo\",\"isPartOf\":{\"@id\":\"https:\\\/\\\/www.gitedello.fr\\\/#website\"},\"datePublished\":\"2018-05-31T08:26:36+00:00\",\"dateModified\":\"2025-09-26T13:35:58+00:00\",\"breadcrumb\":{\"@id\":\"https:\\\/\\\/www.gitedello.fr\\\/es\\\/notas-legales\\\/#breadcrumb\"},\"inLanguage\":\"es\",\"potentialAction\":[{\"@type\":\"ReadAction\",\"target\":[\"https:\\\/\\\/www.gitedello.fr\\\/es\\\/notas-legales\\\/\"]}]},{\"@type\":\"BreadcrumbList\",\"@id\":\"https:\\\/\\\/www.gitedello.fr\\\/es\\\/notas-legales\\\/#breadcrumb\",\"itemListElement\":[{\"@type\":\"ListItem\",\"position\":1,\"name\":\"Accueil\",\"item\":\"https:\\\/\\\/www.gitedello.fr\\\/es\\\/home\\\/\"},{\"@type\":\"ListItem\",\"position\":2,\"name\":\"Notas l\u00e9gales\"}]},{\"@type\":\"WebSite\",\"@id\":\"https:\\\/\\\/www.gitedello.fr\\\/#website\",\"url\":\"https:\\\/\\\/www.gitedello.fr\\\/\",\"name\":\"G\u00eete de Llo\",\"description\":\"G\u00eetes de Montagne, d&#039;\u00e9tape et de s\u00e9jour\",\"potentialAction\":[{\"@type\":\"SearchAction\",\"target\":{\"@type\":\"EntryPoint\",\"urlTemplate\":\"https:\\\/\\\/www.gitedello.fr\\\/?s={search_term_string}\"},\"query-input\":{\"@type\":\"PropertyValueSpecification\",\"valueRequired\":true,\"valueName\":\"search_term_string\"}}],\"inLanguage\":\"es\"}]}<\/script>\n<!-- \/ Yoast SEO plugin. -->","yoast_head_json":{"title":"Notas l\u00e9gales - G\u00eete de Llo","robots":{"index":"index","follow":"follow","max-snippet":"max-snippet:-1","max-image-preview":"max-image-preview:large","max-video-preview":"max-video-preview:-1"},"canonical":"https:\/\/www.gitedello.fr\/es\/notas-legales\/","og_locale":"es_ES","og_type":"article","og_title":"Notas l\u00e9gales - G\u00eete de Llo","og_description":"Informaci\u00f3n legales 1. Presentaci\u00f3n del sitio. De conformidad con el Art\u00edculo 6 de la Ley N \u00b0 2004-575 del 21 de junio de 2004 sobre la confianza en la econom\u00eda digital, los usuarios del sitio www.gitedello.fr son informados de la identidad de las diversas partes involucradas en el contexto de su realizaci\u00f3n y su seguimiento: [&hellip;]","og_url":"https:\/\/www.gitedello.fr\/es\/notas-legales\/","og_site_name":"G\u00eete de Llo","article_modified_time":"2025-09-26T13:35:58+00:00","twitter_card":"summary_large_image","twitter_misc":{"Tiempo de lectura":"8 minutos"},"schema":{"@context":"https:\/\/schema.org","@graph":[{"@type":"WebPage","@id":"https:\/\/www.gitedello.fr\/es\/notas-legales\/","url":"https:\/\/www.gitedello.fr\/es\/notas-legales\/","name":"Notas l\u00e9gales - G\u00eete de Llo","isPartOf":{"@id":"https:\/\/www.gitedello.fr\/#website"},"datePublished":"2018-05-31T08:26:36+00:00","dateModified":"2025-09-26T13:35:58+00:00","breadcrumb":{"@id":"https:\/\/www.gitedello.fr\/es\/notas-legales\/#breadcrumb"},"inLanguage":"es","potentialAction":[{"@type":"ReadAction","target":["https:\/\/www.gitedello.fr\/es\/notas-legales\/"]}]},{"@type":"BreadcrumbList","@id":"https:\/\/www.gitedello.fr\/es\/notas-legales\/#breadcrumb","itemListElement":[{"@type":"ListItem","position":1,"name":"Accueil","item":"https:\/\/www.gitedello.fr\/es\/home\/"},{"@type":"ListItem","position":2,"name":"Notas l\u00e9gales"}]},{"@type":"WebSite","@id":"https:\/\/www.gitedello.fr\/#website","url":"https:\/\/www.gitedello.fr\/","name":"G\u00eete de Llo","description":"G\u00eetes de Montagne, d&#039;\u00e9tape et de s\u00e9jour","potentialAction":[{"@type":"SearchAction","target":{"@type":"EntryPoint","urlTemplate":"https:\/\/www.gitedello.fr\/?s={search_term_string}"},"query-input":{"@type":"PropertyValueSpecification","valueRequired":true,"valueName":"search_term_string"}}],"inLanguage":"es"}]}},"_links":{"self":[{"href":"https:\/\/www.gitedello.fr\/es\/wp-json\/wp\/v2\/pages\/11772","targetHints":{"allow":["GET"]}}],"collection":[{"href":"https:\/\/www.gitedello.fr\/es\/wp-json\/wp\/v2\/pages"}],"about":[{"href":"https:\/\/www.gitedello.fr\/es\/wp-json\/wp\/v2\/types\/page"}],"author":[{"embeddable":true,"href":"https:\/\/www.gitedello.fr\/es\/wp-json\/wp\/v2\/users\/1"}],"replies":[{"embeddable":true,"href":"https:\/\/www.gitedello.fr\/es\/wp-json\/wp\/v2\/comments?post=11772"}],"version-history":[{"count":12,"href":"https:\/\/www.gitedello.fr\/es\/wp-json\/wp\/v2\/pages\/11772\/revisions"}],"predecessor-version":[{"id":30132,"href":"https:\/\/www.gitedello.fr\/es\/wp-json\/wp\/v2\/pages\/11772\/revisions\/30132"}],"wp:attachment":[{"href":"https:\/\/www.gitedello.fr\/es\/wp-json\/wp\/v2\/media?parent=11772"}],"curies":[{"name":"wp","href":"https:\/\/api.w.org\/{rel}","templated":true}]}}