{"id":25720,"date":"2024-07-17T16:49:48","date_gmt":"2024-07-17T14:49:48","guid":{"rendered":"https:\/\/www.gitedello.fr\/groups-seminars\/"},"modified":"2025-09-26T16:08:33","modified_gmt":"2025-09-26T14:08:33","slug":"groups-seminars","status":"publish","type":"page","link":"https:\/\/www.gitedello.fr\/en\/groups-seminars\/","title":{"rendered":"Groups &#038; seminars"},"content":{"rendered":"<div class=\"wpb-content-wrapper\"><p>[vc_row][vc_column][vc_cta h2=&#8221;Our mountain eco-accommodation welcomes you, up to 50 people!&#8221; h4=&#8221;We welcome you for your business seminars, your outings with your hiking club, your family reunions or even for camps!&#8221; txt_align=&#8221;center&#8221; add_button=&#8221;bottom&#8221; btn_title=&#8221;Contact us&#8221; btn_style=&#8221;outline-custom&#8221; btn_outline_custom_color=&#8221;#039788&#8243; btn_outline_custom_hover_background=&#8221;#009687&#8243; btn_outline_custom_hover_text=&#8221;#ffffff&#8221; btn_shape=&#8221;round&#8221; btn_align=&#8221;center&#8221; btn_i_icon_fontawesome=&#8221;far fa-paper-plane&#8221; btn_css_animation=&#8221;bounceIn&#8221; add_icon=&#8221;top&#8221; i_icon_fontawesome=&#8221;far fa-paper-plane&#8221; i_color=&#8221;custom&#8221; i_css_animation=&#8221;bounceIn&#8221; btn_add_icon=&#8221;true&#8221; i_on_border=&#8221;true&#8221; btn_link=&#8221;url:https%3A%2F%2Fwww.gitedello.fr%2Fen%2Faccess-contact%2F|title:Contact|&#8221; i_custom_color=&#8221;#039788&#8243; i_link=&#8221;url:https%3A%2F%2Fwww.gitedello.fr%2Fen%2Faccess-contact%2F|title:Contact|&#8221;]We can offer you different types of accommodation:<\/p>\n<ul>\n<li style=\"text-align: left;\"><span style=\"color: #009688;\"><strong>Half board<\/strong><\/span> for groups of at least 8 people including breakfast and dinner (possibility to add picnics for your hikes).<\/li>\n<li style=\"text-align: left;\"><span style=\"color: #039788;\"><b>Free management <\/b><span style=\"color: #333333;\">with the rental of the professional kitchen and common areas for your group activities.<\/span><\/span><\/li>\n<li style=\"text-align: left;\"><span style=\"color: #039788;\"><strong>A multipurpose <\/strong><span style=\"color: #000000;\">room can also be made available for your cohesion activities.<\/span><\/span><\/li>\n<\/ul>\n<p>For more information :[\/vc_cta][\/vc_column][\/vc_row][vc_row][vc_column width=&#8221;1\/2&#8243;][vc_column_text css_animation=&#8221;none&#8221;]<\/p>\n<h1 style=\"text-align: center;\"><strong><span style=\"color: #009688;\">Company seminar<\/span><\/strong><\/h1>\n<p>[\/vc_column_text][\/vc_column][vc_column width=&#8221;1\/2&#8243;][vc_column_text css_animation=&#8221;none&#8221;]<\/p>\n<h1 style=\"text-align: center;\"><strong><span style=\"color: #009688;\">Hiking group<\/span><\/strong><\/h1>\n<p>[\/vc_column_text][\/vc_column][\/vc_row][vc_row][vc_column width=&#8221;1\/2&#8243;][vc_column_text css_animation=&#8221;none&#8221;]<\/p>\n<h1 style=\"text-align: center;\"><span style=\"color: #009688;\"><strong>Summer Camp<\/strong><\/span><\/h1>\n<p>[\/vc_column_text][\/vc_column][vc_column width=&#8221;1\/2&#8243;][vc_column_text css_animation=&#8221;none&#8221;]<\/p>\n<h1 style=\"text-align: center;\"><span style=\"color: #009688;\"><strong>Family<\/strong><\/span><\/h1>\n<p>[\/vc_column_text][\/vc_column][\/vc_row]<\/p>\n<\/div>","protected":false},"excerpt":{"rendered":"<p>[vc_row][vc_column][vc_cta h2=&#8221;Our mountain eco-accommodation welcomes you, up to 50 people!&#8221; h4=&#8221;We welcome you for your business seminars, your outings with your hiking club, your family reunions or even for camps!&#8221; txt_align=&#8221;center&#8221; add_button=&#8221;bottom&#8221; btn_title=&#8221;Contact us&#8221; btn_style=&#8221;outline-custom&#8221; btn_outline_custom_color=&#8221;#039788&#8243; btn_outline_custom_hover_background=&#8221;#009687&#8243; btn_outline_custom_hover_text=&#8221;#ffffff&#8221; btn_shape=&#8221;round&#8221; btn_align=&#8221;center&#8221; btn_i_icon_fontawesome=&#8221;far fa-paper-plane&#8221; btn_css_animation=&#8221;bounceIn&#8221; add_icon=&#8221;top&#8221; i_icon_fontawesome=&#8221;far fa-paper-plane&#8221; i_color=&#8221;custom&#8221; i_css_animation=&#8221;bounceIn&#8221; btn_add_icon=&#8221;true&#8221; i_on_border=&#8221;true&#8221; btn_link=&#8221;url:https%3A%2F%2Fwww.gitedello.fr%2Fen%2Faccess-contact%2F|title:Contact|&#8221; i_custom_color=&#8221;#039788&#8243; i_link=&#8221;url:https%3A%2F%2Fwww.gitedello.fr%2Fen%2Faccess-contact%2F|title:Contact|&#8221;]We can offer [&hellip;]<\/p>\n","protected":false},"author":2,"featured_media":12335,"parent":0,"menu_order":0,"comment_status":"closed","ping_status":"closed","template":"","meta":{"rs_blank_template":"","rs_page_bg_color":"","slide_template_v7":"","footnotes":""},"class_list":["post-25720","page","type-page","status-publish","has-post-thumbnail","hentry"],"yoast_head":"<!-- This site is optimized with the Yoast SEO plugin v27.5 - https:\/\/yoast.com\/product\/yoast-seo-wordpress\/ -->\n<title>G\u00eete for business seminars in Llo Pyr\u00e9n\u00e9es<\/title>\n<meta name=\"description\" content=\"Organize your seminar or group event at the G\u00eete \u00e0 Llo, in the heart of the Pyrenees. A unique setting and services tailored to your professional needs\" \/>\n<meta name=\"robots\" content=\"index, follow, max-snippet:-1, max-image-preview:large, max-video-preview:-1\" \/>\n<link rel=\"canonical\" href=\"https:\/\/www.gitedello.fr\/en\/groups-seminars\/\" \/>\n<meta property=\"og:locale\" content=\"en_US\" \/>\n<meta property=\"og:type\" content=\"article\" \/>\n<meta property=\"og:title\" content=\"G\u00eete for business seminars in Llo Pyr\u00e9n\u00e9es\" \/>\n<meta property=\"og:description\" content=\"Organize your seminar or group event at the G\u00eete \u00e0 Llo, in the heart of the Pyrenees. A unique setting and services tailored to your professional needs\" \/>\n<meta property=\"og:url\" content=\"https:\/\/www.gitedello.fr\/en\/groups-seminars\/\" \/>\n<meta property=\"og:site_name\" content=\"G\u00eete de Llo\" \/>\n<meta property=\"article:modified_time\" content=\"2025-09-26T14:08:33+00:00\" \/>\n<meta property=\"og:image\" content=\"https:\/\/www.gitedello.fr\/wp-content\/uploads\/2019\/07\/IMG_2857-1024x768.jpg\" \/>\n\t<meta property=\"og:image:width\" content=\"1024\" \/>\n\t<meta property=\"og:image:height\" content=\"768\" \/>\n\t<meta property=\"og:image:type\" content=\"image\/jpeg\" \/>\n<meta name=\"twitter:card\" content=\"summary_large_image\" \/>\n<meta name=\"twitter:label1\" content=\"Est. reading time\" \/>\n\t<meta name=\"twitter:data1\" content=\"1 minute\" \/>\n<script type=\"application\/ld+json\" class=\"yoast-schema-graph\">{\"@context\":\"https:\\\/\\\/schema.org\",\"@graph\":[{\"@type\":\"WebPage\",\"@id\":\"https:\\\/\\\/www.gitedello.fr\\\/en\\\/groups-seminars\\\/\",\"url\":\"https:\\\/\\\/www.gitedello.fr\\\/en\\\/groups-seminars\\\/\",\"name\":\"G\u00eete for business seminars in Llo Pyr\u00e9n\u00e9es\",\"isPartOf\":{\"@id\":\"https:\\\/\\\/www.gitedello.fr\\\/#website\"},\"primaryImageOfPage\":{\"@id\":\"https:\\\/\\\/www.gitedello.fr\\\/en\\\/groups-seminars\\\/#primaryimage\"},\"image\":{\"@id\":\"https:\\\/\\\/www.gitedello.fr\\\/en\\\/groups-seminars\\\/#primaryimage\"},\"thumbnailUrl\":\"https:\\\/\\\/www.gitedello.fr\\\/wp-content\\\/uploads\\\/2019\\\/07\\\/IMG_2857.jpg\",\"datePublished\":\"2024-07-17T14:49:48+00:00\",\"dateModified\":\"2025-09-26T14:08:33+00:00\",\"description\":\"Organize your seminar or group event at the G\u00eete \u00e0 Llo, in the heart of the Pyrenees. A unique setting and services tailored to your professional needs\",\"breadcrumb\":{\"@id\":\"https:\\\/\\\/www.gitedello.fr\\\/en\\\/groups-seminars\\\/#breadcrumb\"},\"inLanguage\":\"en-US\",\"potentialAction\":[{\"@type\":\"ReadAction\",\"target\":[\"https:\\\/\\\/www.gitedello.fr\\\/en\\\/groups-seminars\\\/\"]}]},{\"@type\":\"ImageObject\",\"inLanguage\":\"en-US\",\"@id\":\"https:\\\/\\\/www.gitedello.fr\\\/en\\\/groups-seminars\\\/#primaryimage\",\"url\":\"https:\\\/\\\/www.gitedello.fr\\\/wp-content\\\/uploads\\\/2019\\\/07\\\/IMG_2857.jpg\",\"contentUrl\":\"https:\\\/\\\/www.gitedello.fr\\\/wp-content\\\/uploads\\\/2019\\\/07\\\/IMG_2857.jpg\",\"width\":4320,\"height\":3240},{\"@type\":\"BreadcrumbList\",\"@id\":\"https:\\\/\\\/www.gitedello.fr\\\/en\\\/groups-seminars\\\/#breadcrumb\",\"itemListElement\":[{\"@type\":\"ListItem\",\"position\":1,\"name\":\"Accueil\",\"item\":\"https:\\\/\\\/www.gitedello.fr\\\/en\\\/home\\\/\"},{\"@type\":\"ListItem\",\"position\":2,\"name\":\"Groups &#038; seminars\"}]},{\"@type\":\"WebSite\",\"@id\":\"https:\\\/\\\/www.gitedello.fr\\\/#website\",\"url\":\"https:\\\/\\\/www.gitedello.fr\\\/\",\"name\":\"G\u00eete de Llo\",\"description\":\"G\u00eetes de Montagne, d&#039;\u00e9tape et de s\u00e9jour\",\"potentialAction\":[{\"@type\":\"SearchAction\",\"target\":{\"@type\":\"EntryPoint\",\"urlTemplate\":\"https:\\\/\\\/www.gitedello.fr\\\/?s={search_term_string}\"},\"query-input\":{\"@type\":\"PropertyValueSpecification\",\"valueRequired\":true,\"valueName\":\"search_term_string\"}}],\"inLanguage\":\"en-US\"}]}<\/script>\n<!-- \/ Yoast SEO plugin. -->","yoast_head_json":{"title":"G\u00eete for business seminars in Llo Pyr\u00e9n\u00e9es","description":"Organize your seminar or group event at the G\u00eete \u00e0 Llo, in the heart of the Pyrenees. A unique setting and services tailored to your professional needs","robots":{"index":"index","follow":"follow","max-snippet":"max-snippet:-1","max-image-preview":"max-image-preview:large","max-video-preview":"max-video-preview:-1"},"canonical":"https:\/\/www.gitedello.fr\/en\/groups-seminars\/","og_locale":"en_US","og_type":"article","og_title":"G\u00eete for business seminars in Llo Pyr\u00e9n\u00e9es","og_description":"Organize your seminar or group event at the G\u00eete \u00e0 Llo, in the heart of the Pyrenees. A unique setting and services tailored to your professional needs","og_url":"https:\/\/www.gitedello.fr\/en\/groups-seminars\/","og_site_name":"G\u00eete de Llo","article_modified_time":"2025-09-26T14:08:33+00:00","og_image":[{"width":1024,"height":768,"url":"https:\/\/www.gitedello.fr\/wp-content\/uploads\/2019\/07\/IMG_2857-1024x768.jpg","type":"image\/jpeg"}],"twitter_card":"summary_large_image","twitter_misc":{"Est. reading time":"1 minute"},"schema":{"@context":"https:\/\/schema.org","@graph":[{"@type":"WebPage","@id":"https:\/\/www.gitedello.fr\/en\/groups-seminars\/","url":"https:\/\/www.gitedello.fr\/en\/groups-seminars\/","name":"G\u00eete for business seminars in Llo Pyr\u00e9n\u00e9es","isPartOf":{"@id":"https:\/\/www.gitedello.fr\/#website"},"primaryImageOfPage":{"@id":"https:\/\/www.gitedello.fr\/en\/groups-seminars\/#primaryimage"},"image":{"@id":"https:\/\/www.gitedello.fr\/en\/groups-seminars\/#primaryimage"},"thumbnailUrl":"https:\/\/www.gitedello.fr\/wp-content\/uploads\/2019\/07\/IMG_2857.jpg","datePublished":"2024-07-17T14:49:48+00:00","dateModified":"2025-09-26T14:08:33+00:00","description":"Organize your seminar or group event at the G\u00eete \u00e0 Llo, in the heart of the Pyrenees. A unique setting and services tailored to your professional needs","breadcrumb":{"@id":"https:\/\/www.gitedello.fr\/en\/groups-seminars\/#breadcrumb"},"inLanguage":"en-US","potentialAction":[{"@type":"ReadAction","target":["https:\/\/www.gitedello.fr\/en\/groups-seminars\/"]}]},{"@type":"ImageObject","inLanguage":"en-US","@id":"https:\/\/www.gitedello.fr\/en\/groups-seminars\/#primaryimage","url":"https:\/\/www.gitedello.fr\/wp-content\/uploads\/2019\/07\/IMG_2857.jpg","contentUrl":"https:\/\/www.gitedello.fr\/wp-content\/uploads\/2019\/07\/IMG_2857.jpg","width":4320,"height":3240},{"@type":"BreadcrumbList","@id":"https:\/\/www.gitedello.fr\/en\/groups-seminars\/#breadcrumb","itemListElement":[{"@type":"ListItem","position":1,"name":"Accueil","item":"https:\/\/www.gitedello.fr\/en\/home\/"},{"@type":"ListItem","position":2,"name":"Groups &#038; seminars"}]},{"@type":"WebSite","@id":"https:\/\/www.gitedello.fr\/#website","url":"https:\/\/www.gitedello.fr\/","name":"G\u00eete de Llo","description":"G\u00eetes de Montagne, d&#039;\u00e9tape et de s\u00e9jour","potentialAction":[{"@type":"SearchAction","target":{"@type":"EntryPoint","urlTemplate":"https:\/\/www.gitedello.fr\/?s={search_term_string}"},"query-input":{"@type":"PropertyValueSpecification","valueRequired":true,"valueName":"search_term_string"}}],"inLanguage":"en-US"}]}},"_links":{"self":[{"href":"https:\/\/www.gitedello.fr\/en\/wp-json\/wp\/v2\/pages\/25720","targetHints":{"allow":["GET"]}}],"collection":[{"href":"https:\/\/www.gitedello.fr\/en\/wp-json\/wp\/v2\/pages"}],"about":[{"href":"https:\/\/www.gitedello.fr\/en\/wp-json\/wp\/v2\/types\/page"}],"author":[{"embeddable":true,"href":"https:\/\/www.gitedello.fr\/en\/wp-json\/wp\/v2\/users\/2"}],"replies":[{"embeddable":true,"href":"https:\/\/www.gitedello.fr\/en\/wp-json\/wp\/v2\/comments?post=25720"}],"version-history":[{"count":15,"href":"https:\/\/www.gitedello.fr\/en\/wp-json\/wp\/v2\/pages\/25720\/revisions"}],"predecessor-version":[{"id":30143,"href":"https:\/\/www.gitedello.fr\/en\/wp-json\/wp\/v2\/pages\/25720\/revisions\/30143"}],"wp:featuredmedia":[{"embeddable":true,"href":"https:\/\/www.gitedello.fr\/en\/wp-json\/wp\/v2\/media\/12335"}],"wp:attachment":[{"href":"https:\/\/www.gitedello.fr\/en\/wp-json\/wp\/v2\/media?parent=25720"}],"curies":[{"name":"wp","href":"https:\/\/api.w.org\/{rel}","templated":true}]}}