{"id":13086,"date":"2020-05-05T17:19:07","date_gmt":"2020-05-05T15:19:07","guid":{"rendered":"https:\/\/www.gitedello.fr\/?page_id=13086"},"modified":"2025-09-26T16:07:11","modified_gmt":"2025-09-26T14:07:11","slug":"around","status":"publish","type":"page","link":"https:\/\/www.gitedello.fr\/en\/around\/","title":{"rendered":"Around"},"content":{"rendered":"<div class=\"wpb-content-wrapper\"><p>[vc_row][vc_column width=&#8221;1\/2&#8243;][vc_custom_heading text=&#8221;Llo, charming village ideally located in the heart of the Regional Natural Park of the Catalan Pyrenees&#8221; font_container=&#8221;tag:h2|text_align:left|color:%233f9a82&#8243; use_theme_fonts=&#8221;yes&#8221; css=&#8221;.vc_custom_1558077113902{margin-bottom: 50px !important;}&#8221;][\/vc_column][vc_column width=&#8221;1\/2&#8243;][vc_column_text]<br \/>\n&gt; About twenty hiking trails will allow you to discover its secrets.<br \/>&gt; 500 metres from the g\u00eete, the sulphurous hot baths of Llo.<br \/>&gt; In the village, a via ferrata.<br \/>&gt; The famous Eyne valley and its wildflowers is a 10-minute drive away.<br \/>\n[\/vc_column_text][\/vc_column][\/vc_row][vc_row][vc_column width=&#8221;1\/3&#8243;]<div class='dt-sc-image-caption type9 '><div class='dt-sc-image-wrapper'><img loading=\"lazy\" decoding=\"async\" width=\"500\" height=\"500\" src=\"https:\/\/www.gitedello.fr\/wp-content\/uploads\/2019\/05\/P1020883.jpg\" class=\"attachment-full\" alt=\"\" title=\"P1020883\" srcset=\"https:\/\/www.gitedello.fr\/wp-content\/uploads\/2019\/05\/P1020883.jpg 500w, https:\/\/www.gitedello.fr\/wp-content\/uploads\/2019\/05\/P1020883-150x150.jpg 150w, https:\/\/www.gitedello.fr\/wp-content\/uploads\/2019\/05\/P1020883-300x300.jpg 300w\" sizes=\"auto, (max-width: 500px) 100vw, 500px\" \/><div class=\"dt-sc-image-overlay\"><p>500 m from the G\u00eete, the baths of Llo. Hot, sulphurous, thermal water, rich in minerals with relaxing properties. Also the baths of Dorres and Saint Thomas<\/p><\/div><\/div><div class='dt-sc-image-content'><div class='dt-sc-image-title'><h3>D\u00e9tente en Cerdagne<\/h3><\/div><\/div><\/div>[\/vc_column][vc_column width=&#8221;1\/3&#8243;]<div class='dt-sc-image-caption type9 '><div class='dt-sc-image-wrapper'><img loading=\"lazy\" decoding=\"async\" width=\"4000\" height=\"3000\" src=\"https:\/\/www.gitedello.fr\/wp-content\/uploads\/2019\/12\/P1020703.jpg\" class=\"attachment-full\" alt=\"\" title=\"P1020703\" srcset=\"https:\/\/www.gitedello.fr\/wp-content\/uploads\/2019\/12\/P1020703.jpg 4000w, https:\/\/www.gitedello.fr\/wp-content\/uploads\/2019\/12\/P1020703-300x225.jpg 300w, https:\/\/www.gitedello.fr\/wp-content\/uploads\/2019\/12\/P1020703-768x576.jpg 768w, https:\/\/www.gitedello.fr\/wp-content\/uploads\/2019\/12\/P1020703-1024x768.jpg 1024w\" sizes=\"auto, (max-width: 4000px) 100vw, 4000px\" \/><div class=\"dt-sc-image-overlay\"><p>Guided snowshoe hikes or organised stay with Pyko, an extension of the G\u00eete de Llo<\/p><\/div><\/div><div class='dt-sc-image-content'><div class='dt-sc-image-title'><h3>Raquettes Cerdagne<\/h3><\/div><\/div><\/div>[\/vc_column][vc_column width=&#8221;1\/3&#8243;]<div class='dt-sc-image-caption type9 '><div class='dt-sc-image-wrapper'><img loading=\"lazy\" decoding=\"async\" width=\"500\" height=\"500\" src=\"https:\/\/www.gitedello.fr\/wp-content\/uploads\/2019\/05\/IMG_1827.jpg\" class=\"attachment-full\" alt=\"\" title=\"IMG_1827\" srcset=\"https:\/\/www.gitedello.fr\/wp-content\/uploads\/2019\/05\/IMG_1827.jpg 500w, https:\/\/www.gitedello.fr\/wp-content\/uploads\/2019\/05\/IMG_1827-150x150.jpg 150w, https:\/\/www.gitedello.fr\/wp-content\/uploads\/2019\/05\/IMG_1827-300x300.jpg 300w\" sizes=\"auto, (max-width: 500px) 100vw, 500px\" \/><div class=\"dt-sc-image-overlay\"><p>In Llo, the via ferrata offers mountain adventure courses for all sporting levels. Close to hiking trails, climbing sites, paragliding, mountain biking, hot water canyoning, Font Romeu and Cambre d&#8217;Ase resorts for snow sports.<\/p><\/div><\/div><div class='dt-sc-image-content'><div class='dt-sc-image-title'><h3>Activit\u00e9s de pleine nature<\/h3><\/div><\/div><\/div>[\/vc_column][\/vc_row][vc_row css=&#8221;.vc_custom_1527758371884{margin-top: 30px !important;}&#8221;][vc_column width=&#8221;1\/3&#8243;]<div class='dt-sc-image-caption type9 '><div class='dt-sc-image-wrapper'><img loading=\"lazy\" decoding=\"async\" width=\"500\" height=\"500\" src=\"https:\/\/www.gitedello.fr\/wp-content\/uploads\/2019\/05\/IMG_20180513_195030.jpg\" class=\"attachment-full\" alt=\"\" title=\"IMG_20180513_195030\" srcset=\"https:\/\/www.gitedello.fr\/wp-content\/uploads\/2019\/05\/IMG_20180513_195030.jpg 500w, https:\/\/www.gitedello.fr\/wp-content\/uploads\/2019\/05\/IMG_20180513_195030-150x150.jpg 150w, https:\/\/www.gitedello.fr\/wp-content\/uploads\/2019\/05\/IMG_20180513_195030-300x300.jpg 300w\" sizes=\"auto, (max-width: 500px) 100vw, 500px\" \/><div class=\"dt-sc-image-overlay\"><p>You can admire Romanesque art in Cerdanya: the Chapel of San Feliu in Llo, the Chapel of Belloc in Dorres and the Marty Chapel in Angoustrine.<\/p><\/div><\/div><div class='dt-sc-image-content'><div class='dt-sc-image-title'><h3>Art Roman<\/h3><\/div><\/div><\/div>[\/vc_column][vc_column width=&#8221;1\/3&#8243;]<div class='dt-sc-image-caption type9 '><div class='dt-sc-image-wrapper'><img loading=\"lazy\" decoding=\"async\" width=\"623\" height=\"623\" src=\"https:\/\/www.gitedello.fr\/wp-content\/uploads\/2018\/05\/miniature-randonnee.jpg\" class=\"attachment-full\" alt=\"\" title=\"Miniature Randonnee\" srcset=\"https:\/\/www.gitedello.fr\/wp-content\/uploads\/2018\/05\/miniature-randonnee.jpg 623w, https:\/\/www.gitedello.fr\/wp-content\/uploads\/2018\/05\/miniature-randonnee-150x150.jpg 150w, https:\/\/www.gitedello.fr\/wp-content\/uploads\/2018\/05\/miniature-randonnee-300x300.jpg 300w\" sizes=\"auto, (max-width: 623px) 100vw, 623px\" \/><div class=\"dt-sc-image-overlay\"><p>From and\/or near Llo you will find major hiking sites: the Eyne valley, the Bouillouses lakes, the Puigmal, the Cambre d&#8217;Ase, the Angoustrine Valley, the Segre Valley, the T\u00eat Valley&#8230;<\/p><\/div><\/div><div class='dt-sc-image-content'><div class='dt-sc-image-title'><h3>Randonn\u00e9es<\/h3><\/div><\/div><\/div>[\/vc_column][vc_column width=&#8221;1\/3&#8243;]<div class='dt-sc-image-caption type9 '><div class='dt-sc-image-wrapper'><img loading=\"lazy\" decoding=\"async\" width=\"480\" height=\"480\" src=\"https:\/\/www.gitedello.fr\/wp-content\/uploads\/2019\/05\/solar-oven-921116_640-1.jpg\" class=\"attachment-full\" alt=\"\" title=\"solar-oven-921116_640\" srcset=\"https:\/\/www.gitedello.fr\/wp-content\/uploads\/2019\/05\/solar-oven-921116_640-1.jpg 480w, https:\/\/www.gitedello.fr\/wp-content\/uploads\/2019\/05\/solar-oven-921116_640-1-150x150.jpg 150w, https:\/\/www.gitedello.fr\/wp-content\/uploads\/2019\/05\/solar-oven-921116_640-1-300x300.jpg 300w\" sizes=\"auto, (max-width: 480px) 100vw, 480px\" \/><div class=\"dt-sc-image-overlay\"><p>A true solar valley, you can visit and\/or observe the solar ovens of Odeillo and Mont-Louis, the Llo power plant running on 100% solar energy, the exhibitions and workshops on solar energy adapted to young and old on the site of the 1st solar power plant in the world (Tour de Themis, in Targasonne)<\/p><\/div><\/div><div class='dt-sc-image-content'><div class='dt-sc-image-title'><h3>Vall\u00e9e solaire &amp; Patrimoine cerdan<\/h3><\/div><\/div><\/div>[\/vc_column][\/vc_row][vc_row css=&#8221;.vc_custom_1575382152812{margin-top: 30px !important;}&#8221;][vc_column width=&#8221;1\/3&#8243;]<div class='dt-sc-image-caption type9 '><div class='dt-sc-image-wrapper'><img loading=\"lazy\" decoding=\"async\" width=\"623\" height=\"623\" src=\"https:\/\/www.gitedello.fr\/wp-content\/uploads\/2024\/04\/2.png\" class=\"attachment-full\" alt=\"\" title=\"2\" srcset=\"https:\/\/www.gitedello.fr\/wp-content\/uploads\/2024\/04\/2.png 623w, https:\/\/www.gitedello.fr\/wp-content\/uploads\/2024\/04\/2-300x300.png 300w, https:\/\/www.gitedello.fr\/wp-content\/uploads\/2024\/04\/2-150x150.png 150w\" sizes=\"auto, (max-width: 623px) 100vw, 623px\" \/><div class=\"dt-sc-image-overlay\"><p>Direction Llivia to spend an evening, the Spanish enclave, and departure for Puigcerda for a guaranteed change of scenery.<\/p><\/div><\/div><div class='dt-sc-image-content'><div class='dt-sc-image-title'><h3>Proximit\u00e9 avec l'Espagne<\/h3><\/div><\/div><\/div>[\/vc_column][vc_column width=&#8221;1\/3&#8243;]<div class='dt-sc-image-caption type9 '><div class='dt-sc-image-wrapper'><img loading=\"lazy\" decoding=\"async\" width=\"623\" height=\"623\" src=\"https:\/\/www.gitedello.fr\/wp-content\/uploads\/2024\/04\/Petit-train-jaune-1.png\" class=\"attachment-full\" alt=\"\" title=\"Petit train jaune 1\" srcset=\"https:\/\/www.gitedello.fr\/wp-content\/uploads\/2024\/04\/Petit-train-jaune-1.png 623w, https:\/\/www.gitedello.fr\/wp-content\/uploads\/2024\/04\/Petit-train-jaune-1-300x300.png 300w, https:\/\/www.gitedello.fr\/wp-content\/uploads\/2024\/04\/Petit-train-jaune-1-150x150.png 150w\" sizes=\"auto, (max-width: 623px) 100vw, 623px\" \/><div class=\"dt-sc-image-overlay\"><p>Historic and picturesque, the 23 km tourist power line will allow you to discover the Cerdanya in the open air (from Villefranche de Conflent to Latour de Carol).<\/p><\/div><\/div><div class='dt-sc-image-content'><div class='dt-sc-image-title'><h3>Le train jaune<\/h3><\/div><\/div><\/div>[\/vc_column][vc_column width=&#8221;1\/3&#8243;]<div class='dt-sc-image-caption type9 '><div class='dt-sc-image-wrapper'><img loading=\"lazy\" decoding=\"async\" width=\"623\" height=\"623\" src=\"https:\/\/www.gitedello.fr\/wp-content\/uploads\/2024\/04\/3.png\" class=\"attachment-full\" alt=\"\" title=\"3\" srcset=\"https:\/\/www.gitedello.fr\/wp-content\/uploads\/2024\/04\/3.png 623w, https:\/\/www.gitedello.fr\/wp-content\/uploads\/2024\/04\/3-300x300.png 300w, https:\/\/www.gitedello.fr\/wp-content\/uploads\/2024\/04\/3-150x150.png 150w\" sizes=\"auto, (max-width: 623px) 100vw, 623px\" \/><div class=\"dt-sc-image-overlay\"><p>The Cerdan plateau at an altitude of 1500m offers geological specificities that are unique in Europe. Altiplanneau of nearly 1000 km2 will offer you geological exceptions to discover for young and old.<\/p><\/div><\/div><div class='dt-sc-image-content'><div class='dt-sc-image-title'><h3>Une g\u00e9ologie exceptionnelle<\/h3><\/div><\/div><\/div>[\/vc_column][\/vc_row]<\/p>\n<\/div>","protected":false},"excerpt":{"rendered":"<p>[vc_row][vc_column width=&#8221;1\/2&#8243;][vc_custom_heading text=&#8221;Llo, charming village ideally located in the heart of the Regional Natural Park of the Catalan Pyrenees&#8221; font_container=&#8221;tag:h2|text_align:left|color:%233f9a82&#8243; use_theme_fonts=&#8221;yes&#8221; css=&#8221;.vc_custom_1558077113902{margin-bottom: 50px !important;}&#8221;][\/vc_column][vc_column width=&#8221;1\/2&#8243;][vc_column_text] &gt; About twenty hiking trails will allow you to discover its secrets.&gt; 500 metres from the g\u00eete, the sulphurous hot baths of Llo.&gt; In the village, a via ferrata.&gt; The [&hellip;]<\/p>\n","protected":false},"author":1,"featured_media":0,"parent":0,"menu_order":0,"comment_status":"closed","ping_status":"closed","template":"","meta":{"rs_blank_template":"","rs_page_bg_color":"","slide_template_v7":"","footnotes":""},"class_list":["post-13086","page","type-page","status-publish","hentry"],"yoast_head":"<!-- This site is optimized with the Yoast SEO plugin v27.5 - https:\/\/yoast.com\/product\/yoast-seo-wordpress\/ -->\n<title>Activities around the G\u00eete de Llo - Nearby<\/title>\n<meta name=\"description\" content=\"Enjoy the outdoor activities offered by the Cerdanya plateau! Via ferrata, warm waters, canyon, hiking, yellow train..\" \/>\n<meta name=\"robots\" content=\"index, follow, max-snippet:-1, max-image-preview:large, max-video-preview:-1\" \/>\n<link rel=\"canonical\" href=\"https:\/\/www.gitedello.fr\/en\/around\/\" \/>\n<meta property=\"og:locale\" content=\"en_US\" \/>\n<meta property=\"og:type\" content=\"article\" \/>\n<meta property=\"og:title\" content=\"Activities around the G\u00eete de Llo - Nearby\" \/>\n<meta property=\"og:description\" content=\"Enjoy the outdoor activities offered by the Cerdanya plateau! Via ferrata, warm waters, canyon, hiking, yellow train..\" \/>\n<meta property=\"og:url\" content=\"https:\/\/www.gitedello.fr\/en\/around\/\" \/>\n<meta property=\"og:site_name\" content=\"G\u00eete de Llo\" \/>\n<meta property=\"article:modified_time\" content=\"2025-09-26T14:07:11+00:00\" \/>\n<meta name=\"twitter:card\" content=\"summary_large_image\" \/>\n<meta name=\"twitter:label1\" content=\"Est. reading time\" \/>\n\t<meta name=\"twitter:data1\" content=\"4 minutes\" \/>\n<script type=\"application\/ld+json\" class=\"yoast-schema-graph\">{\"@context\":\"https:\\\/\\\/schema.org\",\"@graph\":[{\"@type\":\"WebPage\",\"@id\":\"https:\\\/\\\/www.gitedello.fr\\\/en\\\/around\\\/\",\"url\":\"https:\\\/\\\/www.gitedello.fr\\\/en\\\/around\\\/\",\"name\":\"Activities around the G\u00eete de Llo - Nearby\",\"isPartOf\":{\"@id\":\"https:\\\/\\\/www.gitedello.fr\\\/#website\"},\"datePublished\":\"2020-05-05T15:19:07+00:00\",\"dateModified\":\"2025-09-26T14:07:11+00:00\",\"description\":\"Enjoy the outdoor activities offered by the Cerdanya plateau! Via ferrata, warm waters, canyon, hiking, yellow train..\",\"breadcrumb\":{\"@id\":\"https:\\\/\\\/www.gitedello.fr\\\/en\\\/around\\\/#breadcrumb\"},\"inLanguage\":\"en-US\",\"potentialAction\":[{\"@type\":\"ReadAction\",\"target\":[\"https:\\\/\\\/www.gitedello.fr\\\/en\\\/around\\\/\"]}]},{\"@type\":\"BreadcrumbList\",\"@id\":\"https:\\\/\\\/www.gitedello.fr\\\/en\\\/around\\\/#breadcrumb\",\"itemListElement\":[{\"@type\":\"ListItem\",\"position\":1,\"name\":\"Accueil\",\"item\":\"https:\\\/\\\/www.gitedello.fr\\\/en\\\/home\\\/\"},{\"@type\":\"ListItem\",\"position\":2,\"name\":\"Around\"}]},{\"@type\":\"WebSite\",\"@id\":\"https:\\\/\\\/www.gitedello.fr\\\/#website\",\"url\":\"https:\\\/\\\/www.gitedello.fr\\\/\",\"name\":\"G\u00eete de Llo\",\"description\":\"G\u00eetes de Montagne, d&#039;\u00e9tape et de s\u00e9jour\",\"potentialAction\":[{\"@type\":\"SearchAction\",\"target\":{\"@type\":\"EntryPoint\",\"urlTemplate\":\"https:\\\/\\\/www.gitedello.fr\\\/?s={search_term_string}\"},\"query-input\":{\"@type\":\"PropertyValueSpecification\",\"valueRequired\":true,\"valueName\":\"search_term_string\"}}],\"inLanguage\":\"en-US\"}]}<\/script>\n<!-- \/ Yoast SEO plugin. -->","yoast_head_json":{"title":"Activities around the G\u00eete de Llo - Nearby","description":"Enjoy the outdoor activities offered by the Cerdanya plateau! Via ferrata, warm waters, canyon, hiking, yellow train..","robots":{"index":"index","follow":"follow","max-snippet":"max-snippet:-1","max-image-preview":"max-image-preview:large","max-video-preview":"max-video-preview:-1"},"canonical":"https:\/\/www.gitedello.fr\/en\/around\/","og_locale":"en_US","og_type":"article","og_title":"Activities around the G\u00eete de Llo - Nearby","og_description":"Enjoy the outdoor activities offered by the Cerdanya plateau! Via ferrata, warm waters, canyon, hiking, yellow train..","og_url":"https:\/\/www.gitedello.fr\/en\/around\/","og_site_name":"G\u00eete de Llo","article_modified_time":"2025-09-26T14:07:11+00:00","twitter_card":"summary_large_image","twitter_misc":{"Est. reading time":"4 minutes"},"schema":{"@context":"https:\/\/schema.org","@graph":[{"@type":"WebPage","@id":"https:\/\/www.gitedello.fr\/en\/around\/","url":"https:\/\/www.gitedello.fr\/en\/around\/","name":"Activities around the G\u00eete de Llo - Nearby","isPartOf":{"@id":"https:\/\/www.gitedello.fr\/#website"},"datePublished":"2020-05-05T15:19:07+00:00","dateModified":"2025-09-26T14:07:11+00:00","description":"Enjoy the outdoor activities offered by the Cerdanya plateau! Via ferrata, warm waters, canyon, hiking, yellow train..","breadcrumb":{"@id":"https:\/\/www.gitedello.fr\/en\/around\/#breadcrumb"},"inLanguage":"en-US","potentialAction":[{"@type":"ReadAction","target":["https:\/\/www.gitedello.fr\/en\/around\/"]}]},{"@type":"BreadcrumbList","@id":"https:\/\/www.gitedello.fr\/en\/around\/#breadcrumb","itemListElement":[{"@type":"ListItem","position":1,"name":"Accueil","item":"https:\/\/www.gitedello.fr\/en\/home\/"},{"@type":"ListItem","position":2,"name":"Around"}]},{"@type":"WebSite","@id":"https:\/\/www.gitedello.fr\/#website","url":"https:\/\/www.gitedello.fr\/","name":"G\u00eete de Llo","description":"G\u00eetes de Montagne, d&#039;\u00e9tape et de s\u00e9jour","potentialAction":[{"@type":"SearchAction","target":{"@type":"EntryPoint","urlTemplate":"https:\/\/www.gitedello.fr\/?s={search_term_string}"},"query-input":{"@type":"PropertyValueSpecification","valueRequired":true,"valueName":"search_term_string"}}],"inLanguage":"en-US"}]}},"_links":{"self":[{"href":"https:\/\/www.gitedello.fr\/en\/wp-json\/wp\/v2\/pages\/13086","targetHints":{"allow":["GET"]}}],"collection":[{"href":"https:\/\/www.gitedello.fr\/en\/wp-json\/wp\/v2\/pages"}],"about":[{"href":"https:\/\/www.gitedello.fr\/en\/wp-json\/wp\/v2\/types\/page"}],"author":[{"embeddable":true,"href":"https:\/\/www.gitedello.fr\/en\/wp-json\/wp\/v2\/users\/1"}],"replies":[{"embeddable":true,"href":"https:\/\/www.gitedello.fr\/en\/wp-json\/wp\/v2\/comments?post=13086"}],"version-history":[{"count":7,"href":"https:\/\/www.gitedello.fr\/en\/wp-json\/wp\/v2\/pages\/13086\/revisions"}],"predecessor-version":[{"id":30138,"href":"https:\/\/www.gitedello.fr\/en\/wp-json\/wp\/v2\/pages\/13086\/revisions\/30138"}],"wp:attachment":[{"href":"https:\/\/www.gitedello.fr\/en\/wp-json\/wp\/v2\/media?parent=13086"}],"curies":[{"name":"wp","href":"https:\/\/api.w.org\/{rel}","templated":true}]}}