{"id":13055,"date":"2020-05-05T09:30:21","date_gmt":"2020-05-05T07:30:21","guid":{"rendered":"https:\/\/www.gitedello.fr\/?page_id=13055"},"modified":"2024-11-19T10:23:58","modified_gmt":"2024-11-19T09:23:58","slug":"access-contact","status":"publish","type":"page","link":"https:\/\/www.gitedello.fr\/en\/access-contact\/","title":{"rendered":"Contact"},"content":{"rendered":"<div class=\"wpb-content-wrapper\"><p>[vc_row full_width=&#8221;stretch_row_content_no_spaces&#8221; equal_height=&#8221;yes&#8221; content_placement=&#8221;middle&#8221; css=&#8221;.vc_custom_1527776310843{padding-right: 5% !important;padding-left: 5% !important;}&#8221;][vc_column width=&#8221;1\/2&#8243;][hc_map lat=&#8221;42.455526&#8243; long=&#8221;2.062465&#8243; height=&#8221;500&#8243; zoom=&#8221;10&#8243; marker=&#8221;11834&#8243; m_lat=&#8221;42.455526&#8243; m_long=&#8221;2.062465&#8243;][\/vc_column][vc_column width=&#8221;1\/2&#8243; css=&#8221;.vc_custom_1527761754389{padding-left: 7% !important;}&#8221;][vc_row_inner][vc_column_inner width=&#8221;2\/3&#8243; css=&#8221;.vc_custom_1527761775968{padding-right: 3% !important;}&#8221;][vc_custom_heading text=&#8221;Contact us&#8221; font_container=&#8221;tag:h2|text_align:left|color:%233f9a82&#8243; use_theme_fonts=&#8221;yes&#8221; el_class=&#8221;title-line&#8221;][vc_empty_space][vc_column_text]<\/p>\n<div class=\"icon-content\">\n<p>G\u00eete de Llo &#8211; Voie communale Carretera d&#8217;Eina- 66800 LLO<\/p>\n<p>Phone : +33 4 68 04 08 98<\/p>\n<\/div>\n<p>[\/vc_column_text]\n<div class=\"wpcf7 no-js\" id=\"wpcf7-f4-o1\" lang=\"en-US\" dir=\"ltr\" data-wpcf7-id=\"4\">\n<div class=\"screen-reader-response\"><p role=\"status\" aria-live=\"polite\" aria-atomic=\"true\"><\/p> <ul><\/ul><\/div>\n<form action=\"\/en\/wp-json\/wp\/v2\/pages\/13055#wpcf7-f4-o1\" method=\"post\" class=\"wpcf7-form init\" aria-label=\"Contact form\" novalidate=\"novalidate\" data-status=\"init\">\n<fieldset class=\"hidden-fields-container\"><input type=\"hidden\" name=\"_wpcf7\" value=\"4\" \/><input type=\"hidden\" name=\"_wpcf7_version\" value=\"6.1.5\" \/><input type=\"hidden\" name=\"_wpcf7_locale\" value=\"en_US\" \/><input type=\"hidden\" name=\"_wpcf7_unit_tag\" value=\"wpcf7-f4-o1\" \/><input type=\"hidden\" name=\"_wpcf7_container_post\" value=\"0\" \/><input type=\"hidden\" name=\"_wpcf7_posted_data_hash\" value=\"\" \/><input type=\"hidden\" name=\"_wpcf7_recaptcha_response\" value=\"\" \/>\n<\/fieldset>\n<p><span class=\"wpcf7-form-control-wrap\" data-name=\"name-field\"><input size=\"40\" maxlength=\"400\" class=\"wpcf7-form-control wpcf7-text\" aria-invalid=\"false\" placeholder=\"Nom\" value=\"\" type=\"text\" name=\"name-field\" \/><\/span><br \/>\n<span class=\"wpcf7-form-control-wrap\" data-name=\"email-field\"><input size=\"40\" maxlength=\"400\" class=\"wpcf7-form-control wpcf7-email wpcf7-text wpcf7-validates-as-email\" aria-invalid=\"false\" placeholder=\"Email\" value=\"\" type=\"email\" name=\"email-field\" \/><\/span><br \/>\n<span class=\"wpcf7-form-control-wrap\" data-name=\"tel-field\"><input size=\"40\" maxlength=\"400\" class=\"wpcf7-form-control wpcf7-tel wpcf7-text wpcf7-validates-as-tel\" aria-invalid=\"false\" placeholder=\"T\u00e9l\u00e9phone\" value=\"\" type=\"tel\" name=\"tel-field\" \/><\/span><br \/>\n<span class=\"wpcf7-form-control-wrap\" data-name=\"textarea-field\"><textarea cols=\"40\" rows=\"10\" maxlength=\"2000\" class=\"wpcf7-form-control wpcf7-textarea\" aria-invalid=\"false\" placeholder=\"Message\" name=\"textarea-field\"><\/textarea><\/span><br \/>\n<input class=\"wpcf7-form-control wpcf7-submit has-spinner\" type=\"submit\" value=\"Envoyer\" \/>\n<\/p><div class=\"wpcf7-response-output\" aria-hidden=\"true\"><\/div>\n<\/form>\n<\/div>\n[\/vc_column_inner][vc_column_inner width=&#8221;1\/3&#8243;][\/vc_column_inner][\/vc_row_inner][\/vc_column][\/vc_row][vc_row full_width=&#8221;stretch_row_content_no_spaces&#8221; equal_height=&#8221;yes&#8221; content_placement=&#8221;middle&#8221; css=&#8221;.vc_custom_1527760810650{padding-top: 50px !important;padding-right: 5% !important;padding-left: 5% !important;}&#8221; el_class=&#8221;five-columns&#8221;][vc_column width=&#8221;1\/6&#8243;][vc_single_image image=&#8221;11807&#8243; img_size=&#8221;full&#8221; alignment=&#8221;center&#8221;][\/vc_column][vc_column width=&#8221;1\/6&#8243;][vc_single_image image=&#8221;11805&#8243; img_size=&#8221;full&#8221; alignment=&#8221;center&#8221;][\/vc_column][vc_column width=&#8221;1\/6&#8243;][vc_single_image image=&#8221;11788&#8243; img_size=&#8221;full&#8221; alignment=&#8221;center&#8221;][\/vc_column][vc_column width=&#8221;1\/6&#8243;][vc_single_image image=&#8221;11792&#8243; img_size=&#8221;full&#8221; alignment=&#8221;center&#8221;][\/vc_column][vc_column width=&#8221;1\/6&#8243;][vc_single_image image=&#8221;11806&#8243; img_size=&#8221;full&#8221; alignment=&#8221;center&#8221;][\/vc_column][vc_column width=&#8221;1\/6&#8243;][\/vc_column][\/vc_row][vc_row][vc_column][\/vc_column][\/vc_row][vc_row][vc_column][\/vc_column][\/vc_row]<\/p>\n<\/div>","protected":false},"excerpt":{"rendered":"<p>[vc_row full_width=&#8221;stretch_row_content_no_spaces&#8221; equal_height=&#8221;yes&#8221; content_placement=&#8221;middle&#8221; css=&#8221;.vc_custom_1527776310843{padding-right: 5% !important;padding-left: 5% !important;}&#8221;][vc_column width=&#8221;1\/2&#8243;][hc_map lat=&#8221;42.455526&#8243; long=&#8221;2.062465&#8243; height=&#8221;500&#8243; zoom=&#8221;10&#8243; marker=&#8221;11834&#8243; m_lat=&#8221;42.455526&#8243; m_long=&#8221;2.062465&#8243;][\/vc_column][vc_column width=&#8221;1\/2&#8243; css=&#8221;.vc_custom_1527761754389{padding-left: 7% !important;}&#8221;][vc_row_inner][vc_column_inner width=&#8221;2\/3&#8243; css=&#8221;.vc_custom_1527761775968{padding-right: 3% !important;}&#8221;][vc_custom_heading text=&#8221;Contact us&#8221; font_container=&#8221;tag:h2|text_align:left|color:%233f9a82&#8243; use_theme_fonts=&#8221;yes&#8221; el_class=&#8221;title-line&#8221;][vc_empty_space][vc_column_text] G\u00eete de Llo &#8211; Voie communale Carretera d&#8217;Eina- 66800 LLO Phone : +33 4 68 04 08 98 [\/vc_column_text][\/vc_column_inner][vc_column_inner width=&#8221;1\/3&#8243;][\/vc_column_inner][\/vc_row_inner][\/vc_column][\/vc_row][vc_row full_width=&#8221;stretch_row_content_no_spaces&#8221; equal_height=&#8221;yes&#8221; content_placement=&#8221;middle&#8221; css=&#8221;.vc_custom_1527760810650{padding-top: 50px [&hellip;]<\/p>\n","protected":false},"author":1,"featured_media":0,"parent":0,"menu_order":0,"comment_status":"closed","ping_status":"closed","template":"","meta":{"rs_blank_template":"","rs_page_bg_color":"","slide_template_v7":"","footnotes":""},"class_list":["post-13055","page","type-page","status-publish","hentry"],"yoast_head":"<!-- This site is optimized with the Yoast SEO plugin v27.5 - https:\/\/yoast.com\/product\/yoast-seo-wordpress\/ -->\n<title>Contact - G\u00eete de Llo<\/title>\n<meta name=\"description\" content=\"If you have any questions, if you are a group, if you would like to make a quote, contact us for all the information for your stay.\" \/>\n<meta name=\"robots\" content=\"index, follow, max-snippet:-1, max-image-preview:large, max-video-preview:-1\" \/>\n<link rel=\"canonical\" href=\"https:\/\/www.gitedello.fr\/en\/access-contact\/\" \/>\n<meta property=\"og:locale\" content=\"en_US\" \/>\n<meta property=\"og:type\" content=\"article\" \/>\n<meta property=\"og:title\" content=\"Contact - G\u00eete de Llo\" \/>\n<meta property=\"og:description\" content=\"If you have any questions, if you are a group, if you would like to make a quote, contact us for all the information for your stay.\" \/>\n<meta property=\"og:url\" content=\"https:\/\/www.gitedello.fr\/en\/access-contact\/\" \/>\n<meta property=\"og:site_name\" content=\"G\u00eete de Llo\" \/>\n<meta property=\"article:modified_time\" content=\"2024-11-19T09:23:58+00:00\" \/>\n<meta name=\"twitter:card\" content=\"summary_large_image\" \/>\n<meta name=\"twitter:label1\" content=\"Est. reading time\" \/>\n\t<meta name=\"twitter:data1\" content=\"2 minutes\" \/>\n<script type=\"application\/ld+json\" class=\"yoast-schema-graph\">{\"@context\":\"https:\\\/\\\/schema.org\",\"@graph\":[{\"@type\":\"WebPage\",\"@id\":\"https:\\\/\\\/www.gitedello.fr\\\/en\\\/access-contact\\\/\",\"url\":\"https:\\\/\\\/www.gitedello.fr\\\/en\\\/access-contact\\\/\",\"name\":\"Contact - G\u00eete de Llo\",\"isPartOf\":{\"@id\":\"https:\\\/\\\/www.gitedello.fr\\\/#website\"},\"datePublished\":\"2020-05-05T07:30:21+00:00\",\"dateModified\":\"2024-11-19T09:23:58+00:00\",\"description\":\"If you have any questions, if you are a group, if you would like to make a quote, contact us for all the information for your stay.\",\"breadcrumb\":{\"@id\":\"https:\\\/\\\/www.gitedello.fr\\\/en\\\/access-contact\\\/#breadcrumb\"},\"inLanguage\":\"en-US\",\"potentialAction\":[{\"@type\":\"ReadAction\",\"target\":[\"https:\\\/\\\/www.gitedello.fr\\\/en\\\/access-contact\\\/\"]}]},{\"@type\":\"BreadcrumbList\",\"@id\":\"https:\\\/\\\/www.gitedello.fr\\\/en\\\/access-contact\\\/#breadcrumb\",\"itemListElement\":[{\"@type\":\"ListItem\",\"position\":1,\"name\":\"Accueil\",\"item\":\"https:\\\/\\\/www.gitedello.fr\\\/en\\\/home\\\/\"},{\"@type\":\"ListItem\",\"position\":2,\"name\":\"Contact\"}]},{\"@type\":\"WebSite\",\"@id\":\"https:\\\/\\\/www.gitedello.fr\\\/#website\",\"url\":\"https:\\\/\\\/www.gitedello.fr\\\/\",\"name\":\"G\u00eete de Llo\",\"description\":\"G\u00eetes de Montagne, d&#039;\u00e9tape et de s\u00e9jour\",\"potentialAction\":[{\"@type\":\"SearchAction\",\"target\":{\"@type\":\"EntryPoint\",\"urlTemplate\":\"https:\\\/\\\/www.gitedello.fr\\\/?s={search_term_string}\"},\"query-input\":{\"@type\":\"PropertyValueSpecification\",\"valueRequired\":true,\"valueName\":\"search_term_string\"}}],\"inLanguage\":\"en-US\"}]}<\/script>\n<!-- \/ Yoast SEO plugin. -->","yoast_head_json":{"title":"Contact - G\u00eete de Llo","description":"If you have any questions, if you are a group, if you would like to make a quote, contact us for all the information for your stay.","robots":{"index":"index","follow":"follow","max-snippet":"max-snippet:-1","max-image-preview":"max-image-preview:large","max-video-preview":"max-video-preview:-1"},"canonical":"https:\/\/www.gitedello.fr\/en\/access-contact\/","og_locale":"en_US","og_type":"article","og_title":"Contact - G\u00eete de Llo","og_description":"If you have any questions, if you are a group, if you would like to make a quote, contact us for all the information for your stay.","og_url":"https:\/\/www.gitedello.fr\/en\/access-contact\/","og_site_name":"G\u00eete de Llo","article_modified_time":"2024-11-19T09:23:58+00:00","twitter_card":"summary_large_image","twitter_misc":{"Est. reading time":"2 minutes"},"schema":{"@context":"https:\/\/schema.org","@graph":[{"@type":"WebPage","@id":"https:\/\/www.gitedello.fr\/en\/access-contact\/","url":"https:\/\/www.gitedello.fr\/en\/access-contact\/","name":"Contact - G\u00eete de Llo","isPartOf":{"@id":"https:\/\/www.gitedello.fr\/#website"},"datePublished":"2020-05-05T07:30:21+00:00","dateModified":"2024-11-19T09:23:58+00:00","description":"If you have any questions, if you are a group, if you would like to make a quote, contact us for all the information for your stay.","breadcrumb":{"@id":"https:\/\/www.gitedello.fr\/en\/access-contact\/#breadcrumb"},"inLanguage":"en-US","potentialAction":[{"@type":"ReadAction","target":["https:\/\/www.gitedello.fr\/en\/access-contact\/"]}]},{"@type":"BreadcrumbList","@id":"https:\/\/www.gitedello.fr\/en\/access-contact\/#breadcrumb","itemListElement":[{"@type":"ListItem","position":1,"name":"Accueil","item":"https:\/\/www.gitedello.fr\/en\/home\/"},{"@type":"ListItem","position":2,"name":"Contact"}]},{"@type":"WebSite","@id":"https:\/\/www.gitedello.fr\/#website","url":"https:\/\/www.gitedello.fr\/","name":"G\u00eete de Llo","description":"G\u00eetes de Montagne, d&#039;\u00e9tape et de s\u00e9jour","potentialAction":[{"@type":"SearchAction","target":{"@type":"EntryPoint","urlTemplate":"https:\/\/www.gitedello.fr\/?s={search_term_string}"},"query-input":{"@type":"PropertyValueSpecification","valueRequired":true,"valueName":"search_term_string"}}],"inLanguage":"en-US"}]}},"_links":{"self":[{"href":"https:\/\/www.gitedello.fr\/en\/wp-json\/wp\/v2\/pages\/13055","targetHints":{"allow":["GET"]}}],"collection":[{"href":"https:\/\/www.gitedello.fr\/en\/wp-json\/wp\/v2\/pages"}],"about":[{"href":"https:\/\/www.gitedello.fr\/en\/wp-json\/wp\/v2\/types\/page"}],"author":[{"embeddable":true,"href":"https:\/\/www.gitedello.fr\/en\/wp-json\/wp\/v2\/users\/1"}],"replies":[{"embeddable":true,"href":"https:\/\/www.gitedello.fr\/en\/wp-json\/wp\/v2\/comments?post=13055"}],"version-history":[{"count":10,"href":"https:\/\/www.gitedello.fr\/en\/wp-json\/wp\/v2\/pages\/13055\/revisions"}],"predecessor-version":[{"id":26791,"href":"https:\/\/www.gitedello.fr\/en\/wp-json\/wp\/v2\/pages\/13055\/revisions\/26791"}],"wp:attachment":[{"href":"https:\/\/www.gitedello.fr\/en\/wp-json\/wp\/v2\/media?parent=13055"}],"curies":[{"name":"wp","href":"https:\/\/api.w.org\/{rel}","templated":true}]}}